{"id":12387,"date":"2023-09-18T12:36:43","date_gmt":"2023-09-18T10:36:43","guid":{"rendered":"https:\/\/www.mews-partners.com\/?page_id=12387"},"modified":"2023-09-18T13:01:56","modified_gmt":"2023-09-18T11:01:56","slug":"cookie-richtlinie","status":"publish","type":"page","link":"https:\/\/www.mews-partners.com\/de\/cookie-richtlinie\/","title":{"rendered":"Cookie-Richtlinie"},"content":{"rendered":"<p>Um die Ihnen angebotene Servicequalit\u00e4t zu optimieren und zu verbessern und um zu gew\u00e4hrleisten, dass die Services Ihren Anforderungen entsprechen, k\u00f6nnen die Mews Group und ihre Tochtergesellschaften Cookies verwenden.<\/p>\n<p>Cookies sind kleine Textdateien, die beim Besuch von Webseiten auf Ihrem Endger\u00e4t (Computer, Smartphone etc.) abgelegt werden. Sie erm\u00f6glichen eine bessere Benutzerfreundlichkeit und den reibungslosen Betrieb unserer Webseite. Weiterhin messen sie die Art der Benutzung, um Ihre Anforderungen besser zu erf\u00fcllen und Ihnen Zusatzangebote rund um Ihre Interessen bieten zu k\u00f6nnen.<\/p>\n<p>Weitere Informationen \u00fcber Cookies erhalten Sie auf dieser Seite der <a href=\"https:\/\/www.cnil.fr\/fr\/cookies-les-outils-pour-les-maitriser\" target=\"_blank\" rel=\"noopener noreferrer\">CNIL-Webseite<\/a>.<\/p>\n<p>Sie k\u00f6nnen dem Speichern von Cookies per Konfiguration der Pr\u00e4ferenzen in Ihrem Browser widersprechen:<\/p>\n<ul>\n<li>Firefox (Mozilla): W\u00e4hlen Sie das Men\u00fc \u201eWerkzeuge\u201c, dann \u201eOptionen\u201c, klicken Sie auf die Registerkarte \u201ePrivatsph\u00e4re\u201c, und stellen Sie im Drop-down-Men\u00fc \u201eAufbewahrungsregeln\u201c den gew\u00fcnschten Wert ein.<\/li>\n<li>Chrome (Google): Klicken Sie auf \u201eChrome\u201c, dann auf \u201eEinstellungen\u201c, \u201eDatenschutz und Sicherheit\u201c, \u201eWebsite-Einstellungen\u201c und \u201eCookies\u201c, und stellen Sie dann ein, welche Cookies Sie akzeptieren und welche Sie ablehnen m\u00f6chten.<\/li>\n<li>Safari (MacOS): W\u00e4hlen Sie im Men\u00fc \u201eSafari\u201c den Eintrag \u201eEinstellungen\u201c, dann \u201eVertraulichkeit\u201c, und w\u00e4hlen Sie den gew\u00fcnschten Wert.<\/li>\n<\/ul>\n<p>Bei Ihrem ersten Besuch unserer Webseite wird im unteren Bildschirmbereich eine Meldung zu unserer Cookie-Verwendung auf mewspartners-mewspartners.pf12.wpserveur.net angezeigt. Wenn Sie diese Meldung schlie\u00dfen und weiter auf unserer Webseite bleiben, erkl\u00e4ren Sie sich mit der Verwendung von Cookies durch unsere Webseite einverstanden. Wir speichern Ihre Auswahl in den \u201egdpr[]\u201c-Cookies, damit diese Meldung bei Ihren n\u00e4chsten Besuchen nicht immer wieder angezeigt werden muss.<\/p>\n<p>&nbsp;<\/p>\n<p><strong>MESSUNG DER WEBSEITENVERWENDUNG<\/strong><\/p>\n<p>Wir f\u00fchren auch Messungen zur Verwendung der Webseite mewspartners-mewspartners.pf12.wpserveur.net durch. Hierf\u00fcr verwenden wir Google Analytics.<\/p>\n<p>Dieses Werkzeug speichert Angaben \u00fcber die von Ihnen besuchten Seiten, wie lange Sie die Seiten ge\u00f6ffnet haben, von wo aus Sie zu unserer Webseite kamen etc. Von diesen Cookies werden keinerlei personenbezogene Daten wie Name oder Adresse gespeichert, so dass es nicht m\u00f6glich ist, Sie anhand der von den Cookies gespeicherten Daten zu identifizieren. Im Folgenden sind die verwendeten Cookies aufgef\u00fchrt:<\/p>\n<ul>\n<li>Adobe Marketing, Tracking, _ga<\/li>\n<li>Google Analytics, Tracking, AMCV_EA76ADE95776D2EC7F000101%40AdobeOrg<\/li>\n<\/ul>\n<p>&nbsp;<\/p>\n<p><strong>INHALTS- UND NUTZUNGSPR\u00c4FERENZEN F\u00dcR DIE WEBSEITE<\/strong><\/p>\n<p>Wir verwenden auch die Hubspot-Werkzeuge. Diese installieren Cookies, anhand derer Sie pers\u00f6nlich identifiziert werden k\u00f6nnen. Wir k\u00f6nnen mit diesen Werkzeugen insbesondere die Anmeldeformulare der Webseite verwalten, Ihre Newsletter-Abonnements und Ihre Inhaltspr\u00e4ferenzen sowie Daten \u00fcber die Verwendung der Webseite durch die Benutzer speichern.<\/p>\n<ul>\n<li>WPML, Keep track of user language (dashboard), _icl_current_admin_language_d41d8cd98f00b204e9800998ecf8427e<\/li>\n<li>WPML, Keep track of user language (front), _icl_current_language<\/li>\n<li>Plugin GDPR, Keep track of allowed cookies, gdpr[allowed_cookies]<\/li>\n<li>Plugin GPDR, Keep track of allowed cookies, gdpr[consent_types]<\/li>\n<li>WordPress, Authentication (dashboard), wordpress_276c24054edc1cb2453cf796aa2a0d93<\/li>\n<li>WordPress, Authentication (front), wordpress_logged_in_276c24054edc1cb2453cf796aa2a0d93<\/li>\n<li>WordPress, Check if client supports cookies, wordpress_test_cookie<\/li>\n<li>WordPress, Interface Customization, wp-settings-1<\/li>\n<li>WordPress, Interface Customization, wp-settings-2<\/li>\n<li>WordPress, Interface Customization, wp-settings-time-1<\/li>\n<li>WordPress, Interface Customization, wp-settings-time-2<\/li>\n<\/ul>\n","protected":false},"excerpt":{"rendered":"<p>Um die Ihnen angebotene Servicequalit\u00e4t zu optimieren und zu verbessern und um zu gew\u00e4hrleisten, dass die Services Ihren Anforderungen entsprechen, k\u00f6nnen die Mews Group und ihre Tochtergesellschaften Cookies verwenden. Cookies sind kleine Textdateien, die beim Besuch von Webseiten auf Ihrem Endger\u00e4t (Computer, Smartphone etc.) abgelegt werden. Sie erm\u00f6glichen eine bessere Benutzerfreundlichkeit und den reibungslosen Betrieb [&hellip;]<\/p>\n","protected":false},"author":3,"featured_media":0,"parent":0,"menu_order":0,"comment_status":"closed","ping_status":"closed","template":"","meta":{"_acf_changed":false,"footnotes":""},"page_category":[],"class_list":["post-12387","page","type-page","status-publish","hentry"],"acf":[],"yoast_head":"<!-- This site is optimized with the Yoast SEO plugin v27.0 - https:\/\/yoast.com\/product\/yoast-seo-wordpress\/ -->\n<title>Cookie-Richtlinie - Mews Partners<\/title>\n<meta name=\"robots\" content=\"index, nofollow, max-snippet:-1, max-image-preview:large, max-video-preview:-1\" \/>\n<link rel=\"canonical\" href=\"https:\/\/www.mews-partners.com\/de\/cookie-richtlinie\/\" \/>\n<meta property=\"og:locale\" content=\"de_DE\" \/>\n<meta property=\"og:type\" content=\"article\" \/>\n<meta property=\"og:title\" content=\"Cookie-Richtlinie - Mews Partners\" \/>\n<meta property=\"og:description\" content=\"Um die Ihnen angebotene Servicequalit\u00e4t zu optimieren und zu verbessern und um zu gew\u00e4hrleisten, dass die Services Ihren Anforderungen entsprechen, k\u00f6nnen die Mews Group und ihre Tochtergesellschaften Cookies verwenden. Cookies sind kleine Textdateien, die beim Besuch von Webseiten auf Ihrem Endger\u00e4t (Computer, Smartphone etc.) abgelegt werden. Sie erm\u00f6glichen eine bessere Benutzerfreundlichkeit und den reibungslosen Betrieb [&hellip;]\" \/>\n<meta property=\"og:url\" content=\"https:\/\/www.mews-partners.com\/de\/cookie-richtlinie\/\" \/>\n<meta property=\"og:site_name\" content=\"Mews Partners\" \/>\n<meta property=\"article:modified_time\" content=\"2023-09-18T11:01:56+00:00\" \/>\n<meta name=\"twitter:card\" content=\"summary_large_image\" \/>\n<meta name=\"twitter:label1\" content=\"Gesch\u00e4tzte Lesezeit\" \/>\n\t<meta name=\"twitter:data1\" content=\"3\u00a0Minuten\" \/>\n<script type=\"application\/ld+json\" class=\"yoast-schema-graph\">{\"@context\":\"https:\/\/schema.org\",\"@graph\":[{\"@type\":\"WebPage\",\"@id\":\"https:\/\/www.mews-partners.com\/de\/cookie-richtlinie\/\",\"url\":\"https:\/\/www.mews-partners.com\/de\/cookie-richtlinie\/\",\"name\":\"Cookie-Richtlinie - Mews Partners\",\"isPartOf\":{\"@id\":\"https:\/\/www.mews-partners.com\/de\/#website\"},\"datePublished\":\"2023-09-18T10:36:43+00:00\",\"dateModified\":\"2023-09-18T11:01:56+00:00\",\"breadcrumb\":{\"@id\":\"https:\/\/www.mews-partners.com\/de\/cookie-richtlinie\/#breadcrumb\"},\"inLanguage\":\"de\",\"potentialAction\":[{\"@type\":\"ReadAction\",\"target\":[\"https:\/\/www.mews-partners.com\/de\/cookie-richtlinie\/\"]}]},{\"@type\":\"BreadcrumbList\",\"@id\":\"https:\/\/www.mews-partners.com\/de\/cookie-richtlinie\/#breadcrumb\",\"itemListElement\":[{\"@type\":\"ListItem\",\"position\":1,\"name\":\"Startseite\",\"item\":\"https:\/\/www.mews-partners.com\/de\/startseite-de\/\"},{\"@type\":\"ListItem\",\"position\":2,\"name\":\"Cookie-Richtlinie\"}]},{\"@type\":\"WebSite\",\"@id\":\"https:\/\/www.mews-partners.com\/de\/#website\",\"url\":\"https:\/\/www.mews-partners.com\/de\/\",\"name\":\"Mews Partners\",\"description\":\"\",\"publisher\":{\"@id\":\"https:\/\/www.mews-partners.com\/de\/#organization\"},\"potentialAction\":[{\"@type\":\"SearchAction\",\"target\":{\"@type\":\"EntryPoint\",\"urlTemplate\":\"https:\/\/www.mews-partners.com\/de\/?s={search_term_string}\"},\"query-input\":{\"@type\":\"PropertyValueSpecification\",\"valueRequired\":true,\"valueName\":\"search_term_string\"}}],\"inLanguage\":\"de\"},{\"@type\":\"Organization\",\"@id\":\"https:\/\/www.mews-partners.com\/de\/#organization\",\"name\":\"Mews Partners\",\"url\":\"https:\/\/www.mews-partners.com\/de\/\",\"logo\":{\"@type\":\"ImageObject\",\"inLanguage\":\"de\",\"@id\":\"https:\/\/www.mews-partners.com\/de\/#\/schema\/logo\/image\/\",\"url\":\"https:\/\/www.mews-partners.com\/wp-content\/uploads\/2023\/08\/logo-mews165-2.png\",\"contentUrl\":\"https:\/\/www.mews-partners.com\/wp-content\/uploads\/2023\/08\/logo-mews165-2.png\",\"width\":165,\"height\":70,\"caption\":\"Mews Partners\"},\"image\":{\"@id\":\"https:\/\/www.mews-partners.com\/de\/#\/schema\/logo\/image\/\"}}]}<\/script>\n<!-- \/ Yoast SEO plugin. -->","yoast_head_json":{"title":"Cookie-Richtlinie - Mews Partners","robots":{"index":"index","follow":"nofollow","max-snippet":"max-snippet:-1","max-image-preview":"max-image-preview:large","max-video-preview":"max-video-preview:-1"},"canonical":"https:\/\/www.mews-partners.com\/de\/cookie-richtlinie\/","og_locale":"de_DE","og_type":"article","og_title":"Cookie-Richtlinie - Mews Partners","og_description":"Um die Ihnen angebotene Servicequalit\u00e4t zu optimieren und zu verbessern und um zu gew\u00e4hrleisten, dass die Services Ihren Anforderungen entsprechen, k\u00f6nnen die Mews Group und ihre Tochtergesellschaften Cookies verwenden. Cookies sind kleine Textdateien, die beim Besuch von Webseiten auf Ihrem Endger\u00e4t (Computer, Smartphone etc.) abgelegt werden. Sie erm\u00f6glichen eine bessere Benutzerfreundlichkeit und den reibungslosen Betrieb [&hellip;]","og_url":"https:\/\/www.mews-partners.com\/de\/cookie-richtlinie\/","og_site_name":"Mews Partners","article_modified_time":"2023-09-18T11:01:56+00:00","twitter_card":"summary_large_image","twitter_misc":{"Gesch\u00e4tzte Lesezeit":"3\u00a0Minuten"},"schema":{"@context":"https:\/\/schema.org","@graph":[{"@type":"WebPage","@id":"https:\/\/www.mews-partners.com\/de\/cookie-richtlinie\/","url":"https:\/\/www.mews-partners.com\/de\/cookie-richtlinie\/","name":"Cookie-Richtlinie - Mews Partners","isPartOf":{"@id":"https:\/\/www.mews-partners.com\/de\/#website"},"datePublished":"2023-09-18T10:36:43+00:00","dateModified":"2023-09-18T11:01:56+00:00","breadcrumb":{"@id":"https:\/\/www.mews-partners.com\/de\/cookie-richtlinie\/#breadcrumb"},"inLanguage":"de","potentialAction":[{"@type":"ReadAction","target":["https:\/\/www.mews-partners.com\/de\/cookie-richtlinie\/"]}]},{"@type":"BreadcrumbList","@id":"https:\/\/www.mews-partners.com\/de\/cookie-richtlinie\/#breadcrumb","itemListElement":[{"@type":"ListItem","position":1,"name":"Startseite","item":"https:\/\/www.mews-partners.com\/de\/startseite-de\/"},{"@type":"ListItem","position":2,"name":"Cookie-Richtlinie"}]},{"@type":"WebSite","@id":"https:\/\/www.mews-partners.com\/de\/#website","url":"https:\/\/www.mews-partners.com\/de\/","name":"Mews Partners","description":"","publisher":{"@id":"https:\/\/www.mews-partners.com\/de\/#organization"},"potentialAction":[{"@type":"SearchAction","target":{"@type":"EntryPoint","urlTemplate":"https:\/\/www.mews-partners.com\/de\/?s={search_term_string}"},"query-input":{"@type":"PropertyValueSpecification","valueRequired":true,"valueName":"search_term_string"}}],"inLanguage":"de"},{"@type":"Organization","@id":"https:\/\/www.mews-partners.com\/de\/#organization","name":"Mews Partners","url":"https:\/\/www.mews-partners.com\/de\/","logo":{"@type":"ImageObject","inLanguage":"de","@id":"https:\/\/www.mews-partners.com\/de\/#\/schema\/logo\/image\/","url":"https:\/\/www.mews-partners.com\/wp-content\/uploads\/2023\/08\/logo-mews165-2.png","contentUrl":"https:\/\/www.mews-partners.com\/wp-content\/uploads\/2023\/08\/logo-mews165-2.png","width":165,"height":70,"caption":"Mews Partners"},"image":{"@id":"https:\/\/www.mews-partners.com\/de\/#\/schema\/logo\/image\/"}}]}},"_links":{"self":[{"href":"https:\/\/www.mews-partners.com\/de\/wp-json\/wp\/v2\/pages\/12387","targetHints":{"allow":["GET"]}}],"collection":[{"href":"https:\/\/www.mews-partners.com\/de\/wp-json\/wp\/v2\/pages"}],"about":[{"href":"https:\/\/www.mews-partners.com\/de\/wp-json\/wp\/v2\/types\/page"}],"author":[{"embeddable":true,"href":"https:\/\/www.mews-partners.com\/de\/wp-json\/wp\/v2\/users\/3"}],"replies":[{"embeddable":true,"href":"https:\/\/www.mews-partners.com\/de\/wp-json\/wp\/v2\/comments?post=12387"}],"version-history":[{"count":3,"href":"https:\/\/www.mews-partners.com\/de\/wp-json\/wp\/v2\/pages\/12387\/revisions"}],"predecessor-version":[{"id":25208,"href":"https:\/\/www.mews-partners.com\/de\/wp-json\/wp\/v2\/pages\/12387\/revisions\/25208"}],"wp:attachment":[{"href":"https:\/\/www.mews-partners.com\/de\/wp-json\/wp\/v2\/media?parent=12387"}],"wp:term":[{"taxonomy":"page_category","embeddable":true,"href":"https:\/\/www.mews-partners.com\/de\/wp-json\/wp\/v2\/page_category?post=12387"}],"curies":[{"name":"wp","href":"https:\/\/api.w.org\/{rel}","templated":true}]}}